{"id":14094,"date":"2022-06-18T23:08:51","date_gmt":"2022-06-18T21:08:51","guid":{"rendered":"https:\/\/www.cdm-ventanasdemadera.es\/produkt\/okiennica-deskowa\/"},"modified":"2022-06-22T22:45:54","modified_gmt":"2022-06-22T20:45:54","slug":"volet-de-planche","status":"publish","type":"product","link":"https:\/\/www.cdm-ventanasdemadera.es\/fr\/produkt\/volet-de-planche\/","title":{"rendered":"VOLETS EN PLANCHES"},"content":{"rendered":"<p>Les planches dispos\u00e9es verticalement, reli\u00e9es par une bande transversale, sont des volets en &#8220;Z&#8221;, c&#8217;est-\u00e0-dire le mod\u00e8le le plus massif. Apr\u00e8s la fermeture des stores, la lumi\u00e8re ne p\u00e9n\u00e8tre plus du tout dans la pi\u00e8ce.<br \/>\nSur les volets, nous utilisons du mat\u00e9riel AGB italien d\u00e9di\u00e9. Pour le bois nous utilisons un syst\u00e8me \u00e9cologique de 4 couches \u00e0 base de vernis TEKNOS.<br \/>\nLes ferrures sont r\u00e9glables sur trois plans, ce qui facilite le r\u00e9glage du store.<\/p>\n<p>&nbsp;<\/p>\n","protected":false},"excerpt":{"rendered":"<p>Fen\u00eatre en bois-aluminium avec profil LINEAR &#8211; dans laquelle les chevauchements de l&#8217;ouvrant et du dormant sont affleurants. Cela donne un effet extr\u00eamement original et, par cons\u00e9quent, le cadre lui-m\u00eame appara\u00eet plus petit.<\/p>\n","protected":false},"featured_media":14045,"comment_status":"closed","ping_status":"closed","template":"","meta":[],"product_brand":[],"product_cat":[111],"product_tag":[],"class_list":{"0":"post-14094","1":"product","2":"type-product","3":"status-publish","4":"has-post-thumbnail","6":"product_cat-stores","8":"first","9":"instock","10":"shipping-taxable","11":"purchasable","12":"product-type-variable"},"_links":{"self":[{"href":"https:\/\/www.cdm-ventanasdemadera.es\/fr\/wp-json\/wp\/v2\/product\/14094","targetHints":{"allow":["GET"]}}],"collection":[{"href":"https:\/\/www.cdm-ventanasdemadera.es\/fr\/wp-json\/wp\/v2\/product"}],"about":[{"href":"https:\/\/www.cdm-ventanasdemadera.es\/fr\/wp-json\/wp\/v2\/types\/product"}],"replies":[{"embeddable":true,"href":"https:\/\/www.cdm-ventanasdemadera.es\/fr\/wp-json\/wp\/v2\/comments?post=14094"}],"wp:featuredmedia":[{"embeddable":true,"href":"https:\/\/www.cdm-ventanasdemadera.es\/fr\/wp-json\/wp\/v2\/media\/14045"}],"wp:attachment":[{"href":"https:\/\/www.cdm-ventanasdemadera.es\/fr\/wp-json\/wp\/v2\/media?parent=14094"}],"wp:term":[{"taxonomy":"product_brand","embeddable":true,"href":"https:\/\/www.cdm-ventanasdemadera.es\/fr\/wp-json\/wp\/v2\/product_brand?post=14094"},{"taxonomy":"product_cat","embeddable":true,"href":"https:\/\/www.cdm-ventanasdemadera.es\/fr\/wp-json\/wp\/v2\/product_cat?post=14094"},{"taxonomy":"product_tag","embeddable":true,"href":"https:\/\/www.cdm-ventanasdemadera.es\/fr\/wp-json\/wp\/v2\/product_tag?post=14094"}],"curies":[{"name":"wp","href":"https:\/\/api.w.org\/{rel}","templated":true}]}}