{"id":14118,"date":"2022-06-18T23:32:42","date_gmt":"2022-06-18T21:32:42","guid":{"rendered":"https:\/\/www.cdm-ventanasdemadera.es\/produkt\/retro-ligne-68\/"},"modified":"2022-06-22T22:49:14","modified_gmt":"2022-06-22T20:49:14","slug":"retro-line-68","status":"publish","type":"product","link":"https:\/\/www.cdm-ventanasdemadera.es\/fr\/produkt\/retro-line-68\/","title":{"rendered":"R\u00e9tro Ligne 68"},"content":{"rendered":"<p><span style=\"font-weight: 400;\">La fen\u00eatre CDM Retro peut \u00eatre utilis\u00e9e partout o\u00f9 le but est de souligner le caract\u00e8re historique du b\u00e2timent.<\/span><\/p>\n<p><span style=\"font-weight: 400;\">Les fen\u00eatres r\u00e9tro, en termes de param\u00e8tres fonctionnels offerts, ne sont en aucun cas inf\u00e9rieures aux fen\u00eatres des autres lignes. Ils sont durables, \u00e9l\u00e9gants et offrent une isolation thermique et acoustique \u00e9lev\u00e9e.<\/span><\/p>\n<p><span style=\"font-weight: 400;\">L&#8217;\u00e9paisseur du profil\u00e9 de fen\u00eatre Retro est de 68 mm. C&#8217;est une fen\u00eatre durable et universelle qui offrira un aspect esth\u00e9tique pendant de nombreuses ann\u00e9es et allie parfaitement tradition et modernit\u00e9.<\/span><\/p>\n","protected":false},"excerpt":{"rendered":"<p><span style=\"font-weight: 400;\">Les fen\u00eatres r\u00e9tro, en termes de param\u00e8tres fonctionnels offerts, ne sont en aucun cas inf\u00e9rieures aux fen\u00eatres des autres lignes. Ils sont durables, \u00e9l\u00e9gants et offrent une isolation thermique et acoustique \u00e9lev\u00e9e.<\/span><\/p>\n","protected":false},"featured_media":13971,"comment_status":"closed","ping_status":"closed","template":"","meta":[],"product_brand":[],"product_cat":[114],"product_tag":[],"class_list":{"0":"post-14118","1":"product","2":"type-product","3":"status-publish","4":"has-post-thumbnail","6":"product_cat-fenetres-en-bois","8":"first","9":"instock","10":"shipping-taxable","11":"purchasable","12":"product-type-variable"},"_links":{"self":[{"href":"https:\/\/www.cdm-ventanasdemadera.es\/fr\/wp-json\/wp\/v2\/product\/14118","targetHints":{"allow":["GET"]}}],"collection":[{"href":"https:\/\/www.cdm-ventanasdemadera.es\/fr\/wp-json\/wp\/v2\/product"}],"about":[{"href":"https:\/\/www.cdm-ventanasdemadera.es\/fr\/wp-json\/wp\/v2\/types\/product"}],"replies":[{"embeddable":true,"href":"https:\/\/www.cdm-ventanasdemadera.es\/fr\/wp-json\/wp\/v2\/comments?post=14118"}],"wp:featuredmedia":[{"embeddable":true,"href":"https:\/\/www.cdm-ventanasdemadera.es\/fr\/wp-json\/wp\/v2\/media\/13971"}],"wp:attachment":[{"href":"https:\/\/www.cdm-ventanasdemadera.es\/fr\/wp-json\/wp\/v2\/media?parent=14118"}],"wp:term":[{"taxonomy":"product_brand","embeddable":true,"href":"https:\/\/www.cdm-ventanasdemadera.es\/fr\/wp-json\/wp\/v2\/product_brand?post=14118"},{"taxonomy":"product_cat","embeddable":true,"href":"https:\/\/www.cdm-ventanasdemadera.es\/fr\/wp-json\/wp\/v2\/product_cat?post=14118"},{"taxonomy":"product_tag","embeddable":true,"href":"https:\/\/www.cdm-ventanasdemadera.es\/fr\/wp-json\/wp\/v2\/product_tag?post=14118"}],"curies":[{"name":"wp","href":"https:\/\/api.w.org\/{rel}","templated":true}]}}