{"id":14124,"date":"2022-06-18T23:37:03","date_gmt":"2022-06-18T21:37:03","guid":{"rendered":"https:\/\/www.cdm-ventanasdemadera.es\/produkt\/glissement-leger-68\/"},"modified":"2022-06-22T22:49:16","modified_gmt":"2022-06-22T20:49:16","slug":"light-sliding-68","status":"publish","type":"product","link":"https:\/\/www.cdm-ventanasdemadera.es\/fr\/produkt\/light-sliding-68\/","title":{"rendered":"Light Sliding 68"},"content":{"rendered":"<p><span style=\"font-weight: 400;\">La fen\u00eatre LIGHT SLIDING WINDOW est la derni\u00e8re proposition de l&#8217;offre CDM, pr\u00e9par\u00e9e sp\u00e9cialement pour le march\u00e9 espagnol. Il s&#8217;agit d&#8217;une fen\u00eatre coulissante pratique \u00e0 utiliser qui fournira \u00e0 chaque pi\u00e8ce une exposition maximale \u00e0 l&#8217;espace environnant. De grands vitrages, conformes aux derni\u00e8res tendances du design, assurent la libre circulation de la lumi\u00e8re et enrichissent et agrandissent visuellement les objets de construction. Qu&#8217;il s&#8217;agisse d&#8217;un appartement priv\u00e9 ou d&#8217;un \u00e9tablissement public, les fen\u00eatres COULISSANTES LIGT lui apporteront une note de modernit\u00e9 et de bon style.<\/span><\/p>\n<p><span style=\"font-weight: 400;\">Le grand avantage des fen\u00eatres coulissantes est le gain de place, apr\u00e8s l&#8217;ouverture du ch\u00e2ssis ne prend pas de place pr\u00e9cieuse. Les cadres utilis\u00e9s dans LIGHT SLIDING ont de petites sections par rapport \u00e0 la surface du verre.<\/span><\/p>\n<p><span style=\"font-weight: 400;\">La fen\u00eatre LIGHT SLIDING est adapt\u00e9e aux conditions climatiques chaudes, o\u00f9 un faible coefficient de transfert de chaleur n&#8217;est pas une caract\u00e9ristique critique et souhait\u00e9e. <\/span><\/p>\n<p><span style=\"font-weight: 400;\">Ces fen\u00eatres ne sont disponibles qu&#8217;en emballages \u00e0 simple vitrage ou \u00e0 chambre unique en raison du petit profil du ch\u00e2ssis \u00e0 guillotine. <\/span><\/p>\n","protected":false},"excerpt":{"rendered":"<p><span style=\"font-weight: 400;\">Qu&#8217;il s&#8217;agisse d&#8217;un appartement priv\u00e9 ou d&#8217;un \u00e9tablissement public, les fen\u00eatres COULISSANTES LIGT lui apporteront une note de modernit\u00e9 et de bon style.<\/span><\/p>\n","protected":false},"featured_media":13968,"comment_status":"closed","ping_status":"closed","template":"","meta":[],"product_brand":[],"product_cat":[114],"product_tag":[],"class_list":{"0":"post-14124","1":"product","2":"type-product","3":"status-publish","4":"has-post-thumbnail","6":"product_cat-fenetres-en-bois","8":"first","9":"instock","10":"shipping-taxable","11":"purchasable","12":"product-type-variable"},"_links":{"self":[{"href":"https:\/\/www.cdm-ventanasdemadera.es\/fr\/wp-json\/wp\/v2\/product\/14124","targetHints":{"allow":["GET"]}}],"collection":[{"href":"https:\/\/www.cdm-ventanasdemadera.es\/fr\/wp-json\/wp\/v2\/product"}],"about":[{"href":"https:\/\/www.cdm-ventanasdemadera.es\/fr\/wp-json\/wp\/v2\/types\/product"}],"replies":[{"embeddable":true,"href":"https:\/\/www.cdm-ventanasdemadera.es\/fr\/wp-json\/wp\/v2\/comments?post=14124"}],"wp:featuredmedia":[{"embeddable":true,"href":"https:\/\/www.cdm-ventanasdemadera.es\/fr\/wp-json\/wp\/v2\/media\/13968"}],"wp:attachment":[{"href":"https:\/\/www.cdm-ventanasdemadera.es\/fr\/wp-json\/wp\/v2\/media?parent=14124"}],"wp:term":[{"taxonomy":"product_brand","embeddable":true,"href":"https:\/\/www.cdm-ventanasdemadera.es\/fr\/wp-json\/wp\/v2\/product_brand?post=14124"},{"taxonomy":"product_cat","embeddable":true,"href":"https:\/\/www.cdm-ventanasdemadera.es\/fr\/wp-json\/wp\/v2\/product_cat?post=14124"},{"taxonomy":"product_tag","embeddable":true,"href":"https:\/\/www.cdm-ventanasdemadera.es\/fr\/wp-json\/wp\/v2\/product_tag?post=14124"}],"curies":[{"name":"wp","href":"https:\/\/api.w.org\/{rel}","templated":true}]}}