{"id":14120,"date":"2022-06-18T23:32:42","date_gmt":"2022-06-18T21:32:42","guid":{"rendered":"https:\/\/www.cdm-ventanasdemadera.es\/produkt\/linea-retro-68\/"},"modified":"2022-06-22T22:49:15","modified_gmt":"2022-06-22T20:49:15","slug":"retro-line-68","status":"publish","type":"product","link":"https:\/\/www.cdm-ventanasdemadera.es\/it\/produkt\/retro-line-68\/","title":{"rendered":"Linea retr\u00f2 68"},"content":{"rendered":"<p><span style=\"font-weight: 400;\">La finestra CDM Retro pu\u00f2 essere utilizzata ovunque si voglia enfatizzare il carattere storico dell&#8217;edificio.<\/span><\/p>\n<p><span style=\"font-weight: 400;\">Le finestre retr\u00f2, in termini di parametri funzionali offerti, non sono in alcun modo inferiori alle finestre di altre linee. Sono resistenti, eleganti e garantiscono un elevato isolamento termico e acustico.<\/span><\/p>\n<p><span style=\"font-weight: 400;\">Lo spessore del profilo della finestra Retro \u00e8 di 68 mm. \u00c8 una finestra resistente e universale che fornir\u00e0 un aspetto estetico per molti anni e combina perfettamente tradizione e modernit\u00e0.<\/span><\/p>\n","protected":false},"excerpt":{"rendered":"<p><span style=\"font-weight: 400;\">Le finestre retr\u00f2, in termini di parametri funzionali offerti, non sono in alcun modo inferiori alle finestre di altre linee. Sono resistenti, eleganti e garantiscono un elevato isolamento termico e acustico.<\/span><\/p>\n","protected":false},"featured_media":13972,"comment_status":"closed","ping_status":"closed","template":"","meta":[],"product_brand":[],"product_cat":[115],"product_tag":[],"class_list":{"0":"post-14120","1":"product","2":"type-product","3":"status-publish","4":"has-post-thumbnail","6":"product_cat-finestre-in-legno","8":"first","9":"instock","10":"shipping-taxable","11":"purchasable","12":"product-type-variable"},"_links":{"self":[{"href":"https:\/\/www.cdm-ventanasdemadera.es\/it\/wp-json\/wp\/v2\/product\/14120","targetHints":{"allow":["GET"]}}],"collection":[{"href":"https:\/\/www.cdm-ventanasdemadera.es\/it\/wp-json\/wp\/v2\/product"}],"about":[{"href":"https:\/\/www.cdm-ventanasdemadera.es\/it\/wp-json\/wp\/v2\/types\/product"}],"replies":[{"embeddable":true,"href":"https:\/\/www.cdm-ventanasdemadera.es\/it\/wp-json\/wp\/v2\/comments?post=14120"}],"wp:featuredmedia":[{"embeddable":true,"href":"https:\/\/www.cdm-ventanasdemadera.es\/it\/wp-json\/wp\/v2\/media\/13972"}],"wp:attachment":[{"href":"https:\/\/www.cdm-ventanasdemadera.es\/it\/wp-json\/wp\/v2\/media?parent=14120"}],"wp:term":[{"taxonomy":"product_brand","embeddable":true,"href":"https:\/\/www.cdm-ventanasdemadera.es\/it\/wp-json\/wp\/v2\/product_brand?post=14120"},{"taxonomy":"product_cat","embeddable":true,"href":"https:\/\/www.cdm-ventanasdemadera.es\/it\/wp-json\/wp\/v2\/product_cat?post=14120"},{"taxonomy":"product_tag","embeddable":true,"href":"https:\/\/www.cdm-ventanasdemadera.es\/it\/wp-json\/wp\/v2\/product_tag?post=14120"}],"curies":[{"name":"wp","href":"https:\/\/api.w.org\/{rel}","templated":true}]}}