{"id":14126,"date":"2022-06-18T23:37:03","date_gmt":"2022-06-18T21:37:03","guid":{"rendered":"https:\/\/www.cdm-ventanasdemadera.es\/produkt\/scorrevole-leggero-68\/"},"modified":"2022-06-22T22:49:17","modified_gmt":"2022-06-22T20:49:17","slug":"luce-scorrevole-68","status":"publish","type":"product","link":"https:\/\/www.cdm-ventanasdemadera.es\/it\/produkt\/luce-scorrevole-68\/","title":{"rendered":"Light Sliding 68"},"content":{"rendered":"<p><span style=\"font-weight: 400;\">La finestra LIGHT SLIDING WINDOW \u00e8 l&#8217;ultima proposta dell&#8217;offerta CDM, preparata appositamente per il mercato spagnolo. \u00c8 una finestra scorrevole comoda da usare che fornir\u00e0 ad ogni stanza la massima esposizione allo spazio circostante. Le grandi vetrate, in linea con le ultime tendenze del design, garantiscono il libero flusso della luce e arricchiscono e ingrandiscono visivamente gli oggetti da costruzione. Indipendentemente dal fatto che si tratti di un appartamento privato o di una struttura pubblica, le finestre LIGT SLIDING gli daranno una nota di modernit\u00e0 e buon stile.<\/span><\/p>\n<p><span style=\"font-weight: 400;\">Il grande vantaggio delle finestre scorrevoli \u00e8 il risparmio di spazio, una volta aperta l&#8217;anta non occupa spazio prezioso. I telai utilizzati in LIGHT SLIDING hanno sezioni trasversali ridotte rispetto alla superficie del vetro.<\/span><\/p>\n<p><span style=\"font-weight: 400;\">La finestra LIGHT SLIDING \u00e8 adatta a condizioni climatiche calde, dove un basso coefficiente di scambio termico non \u00e8 una caratteristica critica e desiderata. <\/span><\/p>\n<p><span style=\"font-weight: 400;\">Queste finestre sono disponibili solo in confezioni monovetro o monocamera a causa del profilo ridotto del telaio dell&#8217;anta. <\/span><\/p>\n","protected":false},"excerpt":{"rendered":"<p><span style=\"font-weight: 400;\">Indipendentemente dal fatto che si tratti di un appartamento privato o di una struttura pubblica, le finestre LIGT SLIDING gli daranno una nota di modernit\u00e0 e buon stile.<\/span><\/p>\n","protected":false},"featured_media":13969,"comment_status":"closed","ping_status":"closed","template":"","meta":[],"product_brand":[],"product_cat":[115],"product_tag":[],"class_list":{"0":"post-14126","1":"product","2":"type-product","3":"status-publish","4":"has-post-thumbnail","6":"product_cat-finestre-in-legno","8":"first","9":"instock","10":"shipping-taxable","11":"purchasable","12":"product-type-variable"},"_links":{"self":[{"href":"https:\/\/www.cdm-ventanasdemadera.es\/it\/wp-json\/wp\/v2\/product\/14126","targetHints":{"allow":["GET"]}}],"collection":[{"href":"https:\/\/www.cdm-ventanasdemadera.es\/it\/wp-json\/wp\/v2\/product"}],"about":[{"href":"https:\/\/www.cdm-ventanasdemadera.es\/it\/wp-json\/wp\/v2\/types\/product"}],"replies":[{"embeddable":true,"href":"https:\/\/www.cdm-ventanasdemadera.es\/it\/wp-json\/wp\/v2\/comments?post=14126"}],"wp:featuredmedia":[{"embeddable":true,"href":"https:\/\/www.cdm-ventanasdemadera.es\/it\/wp-json\/wp\/v2\/media\/13969"}],"wp:attachment":[{"href":"https:\/\/www.cdm-ventanasdemadera.es\/it\/wp-json\/wp\/v2\/media?parent=14126"}],"wp:term":[{"taxonomy":"product_brand","embeddable":true,"href":"https:\/\/www.cdm-ventanasdemadera.es\/it\/wp-json\/wp\/v2\/product_brand?post=14126"},{"taxonomy":"product_cat","embeddable":true,"href":"https:\/\/www.cdm-ventanasdemadera.es\/it\/wp-json\/wp\/v2\/product_cat?post=14126"},{"taxonomy":"product_tag","embeddable":true,"href":"https:\/\/www.cdm-ventanasdemadera.es\/it\/wp-json\/wp\/v2\/product_tag?post=14126"}],"curies":[{"name":"wp","href":"https:\/\/api.w.org\/{rel}","templated":true}]}}