{"id":14132,"date":"2022-06-18T23:44:11","date_gmt":"2022-06-18T21:44:11","guid":{"rendered":"https:\/\/www.cdm-ventanasdemadera.es\/produkt\/thermlight-10-2\/"},"modified":"2022-06-22T22:40:08","modified_gmt":"2022-06-22T20:40:08","slug":"thermlight-10-2","status":"publish","type":"product","link":"https:\/\/www.cdm-ventanasdemadera.es\/it\/produkt\/thermlight-10-2\/","title":{"rendered":"THERMLIGHT 10"},"content":{"rendered":"<p>La finestra ThermlightT \u00e8 un prodotto CDM originale. Durante la progettazione, l&#8217;obiettivo era quello di ottenere un design e una funzionalit\u00e0 perfetti. Sono resistenti e massimizzano la quantit\u00e0 di luce esterna attraverso un&#8217;area vetrata pi\u00f9 ampia. \u00c8 la scelta perfetta per appartamenti e case moderni.<br \/>\nLa finestra Thermlight 10 \u00e8 un classico modello di finestra ThermlightT caratterizzato da un design moderno e un&#8217;elevata qualit\u00e0 di lavorazione.<br \/>\nIl triplo sistema di tenuta garantisce un&#8217;elevata tenuta della finestra, e i parametri termici sono stati aumentati del cosiddetto calda cornice tra i pannelli.<br \/>\nTutte le finestre ThermlighT sono ecologiche, naturali ed ecocompatibili: sono realizzate solo con legno proveniente da una gestione forestale sostenibile e certificate da FSC\u00ae (FSC-C105398). Inoltre, il design innovativo della finestra garantisce un minor consumo di legno di oltre il 20% rispetto ai tradizionali serramenti in legno, mantenendo gli stessi ottimi parametri termici.<\/p>\n","protected":false},"excerpt":{"rendered":"<p>La finestra Thermlight 10 \u00e8 un classico modello di finestra ThermlightT caratterizzato da un design moderno e un&#8217;elevata qualit\u00e0 di lavorazione.<\/p>\n","protected":false},"featured_media":13964,"comment_status":"closed","ping_status":"closed","template":"","meta":[],"product_brand":[],"product_cat":[115],"product_tag":[],"class_list":{"0":"post-14132","1":"product","2":"type-product","3":"status-publish","4":"has-post-thumbnail","6":"product_cat-finestre-in-legno","8":"first","9":"instock","10":"sold-individually","11":"shipping-taxable","12":"purchasable","13":"product-type-variable"},"_links":{"self":[{"href":"https:\/\/www.cdm-ventanasdemadera.es\/it\/wp-json\/wp\/v2\/product\/14132","targetHints":{"allow":["GET"]}}],"collection":[{"href":"https:\/\/www.cdm-ventanasdemadera.es\/it\/wp-json\/wp\/v2\/product"}],"about":[{"href":"https:\/\/www.cdm-ventanasdemadera.es\/it\/wp-json\/wp\/v2\/types\/product"}],"replies":[{"embeddable":true,"href":"https:\/\/www.cdm-ventanasdemadera.es\/it\/wp-json\/wp\/v2\/comments?post=14132"}],"wp:featuredmedia":[{"embeddable":true,"href":"https:\/\/www.cdm-ventanasdemadera.es\/it\/wp-json\/wp\/v2\/media\/13964"}],"wp:attachment":[{"href":"https:\/\/www.cdm-ventanasdemadera.es\/it\/wp-json\/wp\/v2\/media?parent=14132"}],"wp:term":[{"taxonomy":"product_brand","embeddable":true,"href":"https:\/\/www.cdm-ventanasdemadera.es\/it\/wp-json\/wp\/v2\/product_brand?post=14132"},{"taxonomy":"product_cat","embeddable":true,"href":"https:\/\/www.cdm-ventanasdemadera.es\/it\/wp-json\/wp\/v2\/product_cat?post=14132"},{"taxonomy":"product_tag","embeddable":true,"href":"https:\/\/www.cdm-ventanasdemadera.es\/it\/wp-json\/wp\/v2\/product_tag?post=14132"}],"curies":[{"name":"wp","href":"https:\/\/api.w.org\/{rel}","templated":true}]}}