{"id":14318,"date":"2021-11-29T09:54:51","date_gmt":"2021-11-29T08:54:51","guid":{"rendered":"https:\/\/www.cdm-ventanasdemadera.es\/okna-angielskie\/"},"modified":"2022-08-01T22:51:16","modified_gmt":"2022-08-01T20:51:16","slug":"ventanas-inglesas","status":"publish","type":"page","link":"https:\/\/www.cdm-ventanasdemadera.es\/pl\/ventanas-inglesas\/","title":{"rendered":"Okna angielskie"},"content":{"rendered":"\t\t<div data-elementor-type=\"wp-page\" data-elementor-id=\"14318\" class=\"elementor elementor-14318 elementor-1860\">\n\t\t\t\t\t\t<section class=\"elementor-section elementor-top-section elementor-element elementor-element-3647df7 elementor-section-boxed elementor-section-height-default elementor-section-height-default\" data-id=\"3647df7\" data-element_type=\"section\">\n\t\t\t\t\t\t<div class=\"elementor-container elementor-column-gap-default\">\n\t\t\t\t\t<div class=\"elementor-column elementor-col-100 elementor-top-column elementor-element elementor-element-547dcb9\" data-id=\"547dcb9\" data-element_type=\"column\">\n\t\t\t<div class=\"elementor-widget-wrap\">\n\t\t\t\t\t\t\t<\/div>\n\t\t<\/div>\n\t\t\t\t\t<\/div>\n\t\t<\/section>\n\t\t\t\t<section class=\"elementor-section elementor-top-section elementor-element elementor-element-d90b654 elementor-section-boxed elementor-section-height-default elementor-section-height-default\" data-id=\"d90b654\" data-element_type=\"section\">\n\t\t\t\t\t\t<div class=\"elementor-container elementor-column-gap-default\">\n\t\t\t\t\t<div class=\"elementor-column elementor-col-100 elementor-top-column elementor-element elementor-element-fae668d\" data-id=\"fae668d\" data-element_type=\"column\">\n\t\t\t<div class=\"elementor-widget-wrap elementor-element-populated\">\n\t\t\t\t\t\t<div class=\"elementor-element elementor-element-7b0704b elementor-widget elementor-widget-heading\" data-id=\"7b0704b\" data-element_type=\"widget\" data-widget_type=\"heading.default\">\n\t\t\t\t<div class=\"elementor-widget-container\">\n\t\t\t<h2 class=\"elementor-heading-title elementor-size-default\">Okna angielskie\n<\/h2>\t\t<\/div>\n\t\t\t\t<\/div>\n\t\t\t\t<div class=\"elementor-element elementor-element-3f317d0 elementor-widget elementor-widget-text-editor\" data-id=\"3f317d0\" data-element_type=\"widget\" data-widget_type=\"text-editor.default\">\n\t\t\t\t<div class=\"elementor-widget-container\">\n\t\t\t\t\t\t\t<p>Ten styl okien najcz\u0119\u015bciej spotykamy w Wielkiej Brytanii, ale r\u00f3wnie\u017c w Skandynawii czy Holandii. Okna te charakteryzuj\u0105 si\u0119 oryginalnym designem, a ich konstrukcja przystosowana jest do warunk\u00f3w atmosferycznych panuj\u0105cych w krajach, gdzie si\u0119 je najcz\u0119\u015bciej stosuje. W naszej ofercie znajduj\u0105 si\u0119 okna drewniane, kt\u00f3re mog\u0105 zosta\u0107 dopasowane do potrzeb ka\u017cdego klienta.  <\/p>\t\t\t\t\t\t<\/div>\n\t\t\t\t<\/div>\n\t\t\t\t<div class=\"elementor-element elementor-element-5829535 elementor-widget-divider--view-line_icon elementor-view-default elementor-widget-divider--element-align-center elementor-widget elementor-widget-divider\" data-id=\"5829535\" data-element_type=\"widget\" data-widget_type=\"divider.default\">\n\t\t\t\t<div class=\"elementor-widget-container\">\n\t\t\t\t\t<div class=\"elementor-divider\">\n\t\t\t<span class=\"elementor-divider-separator\">\n\t\t\t\t\t\t\t<div class=\"elementor-icon elementor-divider__element\">\n\t\t\t\t\t<svg xmlns=\"http:\/\/www.w3.org\/2000\/svg\" width=\"26.93\" height=\"26.93\" viewBox=\"0 0 26.93 26.93\"><g id=\"Kompozycja_26\" data-name=\"Kompozycja 26\" transform=\"translate(26.935 13.465) rotate(135)\"><g id=\"Group_42\" data-name=\"Group 42\"><path id=\"Path_643\" data-name=\"Path 643\" d=\"M0,0V8.46H2.116V2.116H8.456V0Z\" fill=\"#3faa35\"><\/path><path id=\"Path_644\" data-name=\"Path 644\" d=\"M2.118,2.116H8.468V0H0V8.457H2.118Z\" transform=\"translate(10.578 0)\" fill=\"#3faa35\"><\/path><path id=\"Path_645\" data-name=\"Path 645\" d=\"M0,0V8.468H2.116V2.118H8.456V0Z\" transform=\"translate(0 10.578)\" fill=\"#3faa35\"><\/path><path id=\"Path_646\" data-name=\"Path 646\" d=\"M2.118,2.118H8.468V0H0V8.468H2.118Z\" transform=\"translate(10.578 10.578)\" fill=\"#3faa35\"><\/path><\/g><\/g><\/svg><\/div>\n\t\t\t\t\t\t<\/span>\n\t\t<\/div>\n\t\t\t\t<\/div>\n\t\t\t\t<\/div>\n\t\t\t\t\t<\/div>\n\t\t<\/div>\n\t\t\t\t\t<\/div>\n\t\t<\/section>\n\t\t\t\t<section class=\"elementor-section elementor-top-section elementor-element elementor-element-8c1991f elementor-reverse-mobile animated-slow elementor-section-boxed elementor-section-height-default elementor-section-height-default elementor-invisible\" data-id=\"8c1991f\" data-element_type=\"section\" data-settings=\"{&quot;animation&quot;:&quot;fadeIn&quot;}\">\n\t\t\t\t\t\t<div class=\"elementor-container elementor-column-gap-default\">\n\t\t\t\t\t<div class=\"elementor-column elementor-col-50 elementor-top-column elementor-element elementor-element-3e6d413\" data-id=\"3e6d413\" data-element_type=\"column\">\n\t\t\t<div class=\"elementor-widget-wrap elementor-element-populated\">\n\t\t\t\t\t\t<div class=\"elementor-element elementor-element-6c2a55a elementor-widget elementor-widget-heading\" data-id=\"6c2a55a\" data-element_type=\"widget\" data-widget_type=\"heading.default\">\n\t\t\t\t<div class=\"elementor-widget-container\">\n\t\t\t<h3 class=\"elementor-heading-title elementor-size-default\"><a href=\"#drewniano\u2013aluminiowe\">Okna Casement\n<\/a><\/h3>\t\t<\/div>\n\t\t\t\t<\/div>\n\t\t\t\t<div class=\"elementor-element elementor-element-7e2b1c7 elementor-widget elementor-widget-text-editor\" data-id=\"7e2b1c7\" data-element_type=\"widget\" data-widget_type=\"text-editor.default\">\n\t\t\t\t<div class=\"elementor-widget-container\">\n\t\t\t\t\t\t\t<p>Okna odchylane lub rozwierane na zewn\u0105trz. G\u0142\u00f3wn\u0105 zalet\u0105 tego systemu jest to, \u017ce w momencie otwierania okna nie musimy zdejmowa\u0107 przedmiot\u00f3w, kt\u00f3re by\u0107 mo\u017ce znajduj\u0105 si\u0119 na parapecie. Okna s\u0105 wyposa\u017cone w zawiasy no\u017cycowe, kt\u00f3re po zamkni\u0119ciu skrzyd\u0142a s\u0105 niewidoczne.  <\/p>\t\t\t\t\t\t<\/div>\n\t\t\t\t<\/div>\n\t\t\t\t\t<\/div>\n\t\t<\/div>\n\t\t\t\t<div class=\"elementor-column elementor-col-50 elementor-top-column elementor-element elementor-element-9bfa4a5\" data-id=\"9bfa4a5\" data-element_type=\"column\">\n\t\t\t<div class=\"elementor-widget-wrap elementor-element-populated\">\n\t\t\t\t\t\t<div class=\"elementor-element elementor-element-d88641e elementor-widget elementor-widget-image\" data-id=\"d88641e\" data-element_type=\"widget\" data-widget_type=\"image.default\">\n\t\t\t\t<div class=\"elementor-widget-container\">\n\t\t\t\t\t\t\t\t\t\t\t\t\t<img fetchpriority=\"high\" decoding=\"async\" width=\"289\" height=\"379\" src=\"https:\/\/www.cdm-ventanasdemadera.es\/wp-content\/uploads\/2021\/11\/angielskie-1-cesament.jpeg\" class=\"attachment-large size-large wp-image-1000\" alt=\"Espa\u00f1ol-1-cesamento\" srcset=\"https:\/\/www.cdm-ventanasdemadera.es\/wp-content\/uploads\/2021\/11\/angielskie-1-cesament.jpeg 289w, https:\/\/www.cdm-ventanasdemadera.es\/wp-content\/uploads\/2021\/11\/angielskie-1-cesament-229x300.jpeg 229w\" sizes=\"(max-width: 289px) 100vw, 289px\" \/>\t\t\t\t\t\t\t\t\t\t\t\t\t<\/div>\n\t\t\t\t<\/div>\n\t\t\t\t\t<\/div>\n\t\t<\/div>\n\t\t\t\t\t<\/div>\n\t\t<\/section>\n\t\t\t\t<section class=\"elementor-section elementor-top-section elementor-element elementor-element-a65959a elementor-section-boxed elementor-section-height-default elementor-section-height-default\" data-id=\"a65959a\" data-element_type=\"section\">\n\t\t\t\t\t\t<div class=\"elementor-container elementor-column-gap-default\">\n\t\t\t\t\t<div class=\"elementor-column elementor-col-100 elementor-top-column elementor-element elementor-element-74be8dd\" data-id=\"74be8dd\" data-element_type=\"column\">\n\t\t\t<div class=\"elementor-widget-wrap elementor-element-populated\">\n\t\t\t\t\t\t<div class=\"elementor-element elementor-element-c22c902 elementor-widget-divider--view-line_icon elementor-view-default elementor-widget-divider--element-align-center elementor-widget elementor-widget-divider\" data-id=\"c22c902\" data-element_type=\"widget\" data-widget_type=\"divider.default\">\n\t\t\t\t<div class=\"elementor-widget-container\">\n\t\t\t\t\t<div class=\"elementor-divider\">\n\t\t\t<span class=\"elementor-divider-separator\">\n\t\t\t\t\t\t\t<div class=\"elementor-icon elementor-divider__element\">\n\t\t\t\t\t<svg xmlns=\"http:\/\/www.w3.org\/2000\/svg\" width=\"26.93\" height=\"26.93\" viewBox=\"0 0 26.93 26.93\"><g id=\"Kompozycja_26\" data-name=\"Kompozycja 26\" transform=\"translate(26.935 13.465) rotate(135)\"><g id=\"Group_42\" data-name=\"Group 42\"><path id=\"Path_643\" data-name=\"Path 643\" d=\"M0,0V8.46H2.116V2.116H8.456V0Z\" fill=\"#3faa35\"><\/path><path id=\"Path_644\" data-name=\"Path 644\" d=\"M2.118,2.116H8.468V0H0V8.457H2.118Z\" transform=\"translate(10.578 0)\" fill=\"#3faa35\"><\/path><path id=\"Path_645\" data-name=\"Path 645\" d=\"M0,0V8.468H2.116V2.118H8.456V0Z\" transform=\"translate(0 10.578)\" fill=\"#3faa35\"><\/path><path id=\"Path_646\" data-name=\"Path 646\" d=\"M2.118,2.118H8.468V0H0V8.468H2.118Z\" transform=\"translate(10.578 10.578)\" fill=\"#3faa35\"><\/path><\/g><\/g><\/svg><\/div>\n\t\t\t\t\t\t<\/span>\n\t\t<\/div>\n\t\t\t\t<\/div>\n\t\t\t\t<\/div>\n\t\t\t\t<section class=\"elementor-section elementor-inner-section elementor-element elementor-element-f04a248 elementor-section-boxed elementor-section-height-default elementor-section-height-default\" data-id=\"f04a248\" data-element_type=\"section\">\n\t\t\t\t\t\t<div class=\"elementor-container elementor-column-gap-default\">\n\t\t\t\t\t<div class=\"elementor-column elementor-col-50 elementor-inner-column elementor-element elementor-element-5b110ed elementor-hidden-mobile\" data-id=\"5b110ed\" data-element_type=\"column\">\n\t\t\t<div class=\"elementor-widget-wrap elementor-element-populated\">\n\t\t\t\t\t\t<div class=\"elementor-element elementor-element-018b598 elementor-widget elementor-widget-image\" data-id=\"018b598\" data-element_type=\"widget\" data-widget_type=\"image.default\">\n\t\t\t\t<div class=\"elementor-widget-container\">\n\t\t\t\t\t\t\t\t\t\t\t\t\t<img decoding=\"async\" width=\"386\" height=\"374\" src=\"https:\/\/www.cdm-ventanasdemadera.es\/wp-content\/uploads\/2022\/05\/okno-ang-sash-.jpg\" class=\"attachment-large size-large wp-image-7562\" alt=\"\" srcset=\"https:\/\/www.cdm-ventanasdemadera.es\/wp-content\/uploads\/2022\/05\/okno-ang-sash-.jpg 386w, https:\/\/www.cdm-ventanasdemadera.es\/wp-content\/uploads\/2022\/05\/okno-ang-sash--300x291.jpg 300w\" sizes=\"(max-width: 386px) 100vw, 386px\" \/>\t\t\t\t\t\t\t\t\t\t\t\t\t<\/div>\n\t\t\t\t<\/div>\n\t\t\t\t\t<\/div>\n\t\t<\/div>\n\t\t\t\t<div class=\"elementor-column elementor-col-50 elementor-inner-column elementor-element elementor-element-8aa1664\" data-id=\"8aa1664\" data-element_type=\"column\">\n\t\t\t<div class=\"elementor-widget-wrap elementor-element-populated\">\n\t\t\t\t\t\t<div class=\"elementor-element elementor-element-9d1b0c9 elementor-widget elementor-widget-heading\" data-id=\"9d1b0c9\" data-element_type=\"widget\" data-widget_type=\"heading.default\">\n\t\t\t\t<div class=\"elementor-widget-container\">\n\t\t\t<h3 class=\"elementor-heading-title elementor-size-default\"><a href=\"#drewniano\u2013aluminiowe\">Okna Sliding Sash<\/a><\/h3>\t\t<\/div>\n\t\t\t\t<\/div>\n\t\t\t\t<div class=\"elementor-element elementor-element-fe509dd elementor-widget elementor-widget-text-editor\" data-id=\"fe509dd\" data-element_type=\"widget\" data-widget_type=\"text-editor.default\">\n\t\t\t\t<div class=\"elementor-widget-container\">\n\t\t\t\t\t\t\t<p>Okna dzia\u0142aj\u0105ce w systemie przesuwnym g\u00f3ra-d\u00f3\u0142, dzi\u0119ki czemu klient oszcz\u0119dza przestrze\u0144 u\u017cytkow\u0105 wewn\u0105trz pomieszczenia. <br>Nap\u0119d skrzyde\u0142 wspomagany jest spr\u0119\u017cynami, dzi\u0119ki czemu okno otwiera si\u0119 bez konieczno\u015bci u\u017cycia nadmiernej si\u0142y.<\/p>\t\t\t\t\t\t<\/div>\n\t\t\t\t<\/div>\n\t\t\t\t\t<\/div>\n\t\t<\/div>\n\t\t\t\t\t<\/div>\n\t\t<\/section>\n\t\t\t\t\t<\/div>\n\t\t<\/div>\n\t\t\t\t\t<\/div>\n\t\t<\/section>\n\t\t\t\t<section class=\"elementor-section elementor-top-section elementor-element elementor-element-b8ba4f0 elementor-section-full_width elementor-section-height-default elementor-section-height-default\" data-id=\"b8ba4f0\" data-element_type=\"section\">\n\t\t\t\t\t\t<div class=\"elementor-container elementor-column-gap-default\">\n\t\t\t\t\t<div class=\"elementor-column elementor-col-100 elementor-top-column elementor-element elementor-element-31508f7\" data-id=\"31508f7\" data-element_type=\"column\">\n\t\t\t<div class=\"elementor-widget-wrap\">\n\t\t\t\t\t\t\t<\/div>\n\t\t<\/div>\n\t\t\t\t\t<\/div>\n\t\t<\/section>\n\t\t\t\t<\/div>\n\t\t","protected":false},"excerpt":{"rendered":"<p>Okna angielskie Ten styl okien najcz\u0119\u015bciej spotykamy w Wielkiej Brytanii, ale r\u00f3wnie\u017c w Skandynawii czy Holandii. Okna te charakteryzuj\u0105 si\u0119 oryginalnym designem, a ich konstrukcja przystosowana jest do warunk\u00f3w atmosferycznych panuj\u0105cych w krajach, gdzie si\u0119 je najcz\u0119\u015bciej stosuje. W naszej ofercie znajduj\u0105 si\u0119 okna drewniane, kt\u00f3re mog\u0105 zosta\u0107 dopasowane do potrzeb ka\u017cdego klienta. Okna Casement [&hellip;]<\/p>\n","protected":false},"author":1,"featured_media":0,"parent":0,"menu_order":0,"comment_status":"closed","ping_status":"closed","template":"elementor_canvas","meta":{"footnotes":""},"class_list":["post-14318","page","type-page","status-publish","hentry"],"_links":{"self":[{"href":"https:\/\/www.cdm-ventanasdemadera.es\/pl\/wp-json\/wp\/v2\/pages\/14318","targetHints":{"allow":["GET"]}}],"collection":[{"href":"https:\/\/www.cdm-ventanasdemadera.es\/pl\/wp-json\/wp\/v2\/pages"}],"about":[{"href":"https:\/\/www.cdm-ventanasdemadera.es\/pl\/wp-json\/wp\/v2\/types\/page"}],"author":[{"embeddable":true,"href":"https:\/\/www.cdm-ventanasdemadera.es\/pl\/wp-json\/wp\/v2\/users\/1"}],"replies":[{"embeddable":true,"href":"https:\/\/www.cdm-ventanasdemadera.es\/pl\/wp-json\/wp\/v2\/comments?post=14318"}],"version-history":[{"count":15,"href":"https:\/\/www.cdm-ventanasdemadera.es\/pl\/wp-json\/wp\/v2\/pages\/14318\/revisions"}],"predecessor-version":[{"id":15800,"href":"https:\/\/www.cdm-ventanasdemadera.es\/pl\/wp-json\/wp\/v2\/pages\/14318\/revisions\/15800"}],"wp:attachment":[{"href":"https:\/\/www.cdm-ventanasdemadera.es\/pl\/wp-json\/wp\/v2\/media?parent=14318"}],"curies":[{"name":"wp","href":"https:\/\/api.w.org\/{rel}","templated":true}]}}