{"id":15545,"date":"2022-06-18T23:44:11","date_gmt":"2022-06-18T21:44:11","guid":{"rendered":"https:\/\/www.cdm-ventanasdemadera.es\/produkt\/thermlight-10\/"},"modified":"2022-08-05T18:28:10","modified_gmt":"2022-08-05T16:28:10","slug":"thermlight-10","status":"publish","type":"product","link":"https:\/\/www.cdm-ventanasdemadera.es\/pl\/produkt\/thermlight-10\/","title":{"rendered":"THERMLIGHT 10"},"content":{"rendered":"<p>Okno ThermlighT to autorski produkt CDM. Przy jego projektowaniu skoncentrowano si\u0119 na osi\u0105gni\u0119ciu doskona\u0142ego design\u2019u i funkcjonalno\u015bci. Maj\u0105 du\u017c\u0105 trwa\u0142o\u015b\u0107 oraz maksymalizuj\u0105 ilo\u015b\u0107 \u015bwiat\u0142a zewn\u0119trznego poprzez wi\u0119ksz\u0105 powierzchni\u0119 oszklenia. To idealny wyb\u00f3r do nowoczesnych mieszka\u0144 i dom\u00f3w. Okno Thermlight 10 to klasyczny model okien ThermlighT charakteryzuj\u0105cy si\u0119 nowoczesnym designem i wysok\u0105 jako\u015bci\u0105 wykonania. Potr\u00f3jny system uszczelnienia gwarantuje wysok\u0105 szczelno\u015b\u0107 okna, a parametry cieplne zosta\u0142y zwi\u0119kszone przez tzw. ciep\u0142\u0105 ramk\u0119 mi\u0119dzyszybow\u0105. Wszystkie okna ThermlighT s\u0105 ekologiczne, naturalne i przyjazne dla \u015brodowiska \u2013produkowane s\u0105 wy\u0142\u0105cznie z drewna pochodz\u0105cego ze zr\u00f3wnowa\u017conej gospodarki le\u015bnej i posiadaj\u0105cego certyfikat FSC\u00ae (FSC-C105398). Ponadto innowacyjna konstrukcja okna gwarantuje mniejsze zu\u017cycie drewna o ponad 20% w stosunku do tradycyjnych okien drewnianych, przy zachowaniu tych samych doskona\u0142ych parametr\u00f3w cieplnych.<\/p>\n","protected":false},"excerpt":{"rendered":"<p>Okno Thermlight 10 to klasyczny model okien ThermlighT charakteryzuj\u0105cy si\u0119 nowoczesnym designem i wysok\u0105 jako\u015bci\u0105 wykonania.<\/p>\n","protected":false},"featured_media":13966,"comment_status":"closed","ping_status":"closed","template":"","meta":[],"product_brand":[],"product_cat":[113],"product_tag":[],"class_list":{"0":"post-15545","1":"product","2":"type-product","3":"status-publish","4":"has-post-thumbnail","6":"product_cat-okna-drewniane","8":"first","9":"instock","10":"sold-individually","11":"shipping-taxable","12":"purchasable","13":"product-type-variable"},"_links":{"self":[{"href":"https:\/\/www.cdm-ventanasdemadera.es\/pl\/wp-json\/wp\/v2\/product\/15545","targetHints":{"allow":["GET"]}}],"collection":[{"href":"https:\/\/www.cdm-ventanasdemadera.es\/pl\/wp-json\/wp\/v2\/product"}],"about":[{"href":"https:\/\/www.cdm-ventanasdemadera.es\/pl\/wp-json\/wp\/v2\/types\/product"}],"replies":[{"embeddable":true,"href":"https:\/\/www.cdm-ventanasdemadera.es\/pl\/wp-json\/wp\/v2\/comments?post=15545"}],"wp:featuredmedia":[{"embeddable":true,"href":"https:\/\/www.cdm-ventanasdemadera.es\/pl\/wp-json\/wp\/v2\/media\/13966"}],"wp:attachment":[{"href":"https:\/\/www.cdm-ventanasdemadera.es\/pl\/wp-json\/wp\/v2\/media?parent=15545"}],"wp:term":[{"taxonomy":"product_brand","embeddable":true,"href":"https:\/\/www.cdm-ventanasdemadera.es\/pl\/wp-json\/wp\/v2\/product_brand?post=15545"},{"taxonomy":"product_cat","embeddable":true,"href":"https:\/\/www.cdm-ventanasdemadera.es\/pl\/wp-json\/wp\/v2\/product_cat?post=15545"},{"taxonomy":"product_tag","embeddable":true,"href":"https:\/\/www.cdm-ventanasdemadera.es\/pl\/wp-json\/wp\/v2\/product_tag?post=15545"}],"curies":[{"name":"wp","href":"https:\/\/api.w.org\/{rel}","templated":true}]}}