{"id":16022,"date":"2022-06-18T23:08:51","date_gmt":"2022-06-18T21:08:51","guid":{"rendered":"https:\/\/www.cdm-ventanasdemadera.es\/produkt\/okiennica-deskowa\/"},"modified":"2022-06-18T23:08:51","modified_gmt":"2022-06-18T21:08:51","slug":"okiennica-deskowa-2","status":"publish","type":"product","link":"https:\/\/www.cdm-ventanasdemadera.es\/pl\/produkt\/okiennica-deskowa-2\/","title":{"rendered":"OKIENNICA DESKOWA"},"content":{"rendered":"<p>Pionowo u\u0142o\u017cone deski, kt\u00f3re s\u0105 po\u0142\u0105czone poprzeczn\u0105 listw\u0105 to okiennice typu \u201eZ\u201d, czyli najbardziej masywny model. Po zamkni\u0119ciu okiennic, \u015bwiat\u0142o w og\u00f3le nie wnika do pomieszczenia. W okiennicach u\u017cywamy w\u0142oskie dedykowane okucia firmy AGB. Na drewno stosujemy ekologiczny system 4-pow\u0142okowy, kt\u00f3ry jest oparty na lakierach firmy TEKNOS. Okucia posiadaj\u0105 regulacj\u0119 w trzech p\u0142aszczyznach, dzi\u0119ki czemu \u0142atwo mo\u017cna wyregulowa\u0107 okiennic\u0119. <\/p>\n<p>&nbsp;<\/p>\n","protected":false},"excerpt":{"rendered":"<p>Pionowo u\u0142o\u017cone deski, kt\u00f3re s\u0105 po\u0142\u0105czone poprzeczn\u0105 listw\u0105 to okiennice typu \u201eZ\u201d, czyli najbardziej masywny model. Po zamkni\u0119ciu okiennic, \u015bwiat\u0142o w og\u00f3le nie wnika do pomieszczenia. <\/p>\n","protected":false},"featured_media":14047,"comment_status":"closed","ping_status":"closed","template":"","meta":[],"product_brand":[],"product_cat":[112],"product_tag":[],"class_list":{"0":"post-16022","1":"product","2":"type-product","3":"status-publish","4":"has-post-thumbnail","6":"product_cat-okiennice","8":"first","9":"instock","10":"shipping-taxable","11":"purchasable","12":"product-type-variable"},"_links":{"self":[{"href":"https:\/\/www.cdm-ventanasdemadera.es\/pl\/wp-json\/wp\/v2\/product\/16022","targetHints":{"allow":["GET"]}}],"collection":[{"href":"https:\/\/www.cdm-ventanasdemadera.es\/pl\/wp-json\/wp\/v2\/product"}],"about":[{"href":"https:\/\/www.cdm-ventanasdemadera.es\/pl\/wp-json\/wp\/v2\/types\/product"}],"replies":[{"embeddable":true,"href":"https:\/\/www.cdm-ventanasdemadera.es\/pl\/wp-json\/wp\/v2\/comments?post=16022"}],"wp:featuredmedia":[{"embeddable":true,"href":"https:\/\/www.cdm-ventanasdemadera.es\/pl\/wp-json\/wp\/v2\/media\/14047"}],"wp:attachment":[{"href":"https:\/\/www.cdm-ventanasdemadera.es\/pl\/wp-json\/wp\/v2\/media?parent=16022"}],"wp:term":[{"taxonomy":"product_brand","embeddable":true,"href":"https:\/\/www.cdm-ventanasdemadera.es\/pl\/wp-json\/wp\/v2\/product_brand?post=16022"},{"taxonomy":"product_cat","embeddable":true,"href":"https:\/\/www.cdm-ventanasdemadera.es\/pl\/wp-json\/wp\/v2\/product_cat?post=16022"},{"taxonomy":"product_tag","embeddable":true,"href":"https:\/\/www.cdm-ventanasdemadera.es\/pl\/wp-json\/wp\/v2\/product_tag?post=16022"}],"curies":[{"name":"wp","href":"https:\/\/api.w.org\/{rel}","templated":true}]}}