{"id":16024,"date":"2022-06-18T11:10:28","date_gmt":"2022-06-18T09:10:28","guid":{"rendered":"https:\/\/www.cdm-ventanasdemadera.es\/produkt\/okiennica-szczebelkowa\/"},"modified":"2022-06-18T11:10:28","modified_gmt":"2022-06-18T09:10:28","slug":"persianas-de-lamas-kopia-2","status":"publish","type":"product","link":"https:\/\/www.cdm-ventanasdemadera.es\/pl\/produkt\/persianas-de-lamas-kopia-2\/","title":{"rendered":"OKIENNICA SZCZEBELKOWA"},"content":{"rendered":"<p>Klasyka w \u015br\u00f3dziemnomorskim stylu. Okiennice szczebelkowe pozwalaj\u0105 na ograniczenie blokady dost\u0119pu do \u015bwiat\u0142a. W pomieszczeniu b\u0119dzie sta\u0142y umiarkowany dop\u0142yw \u015bwiat\u0142a dziennego, a przy otwartym oknie zapewni\u0105 tak\u017ce przep\u0142yw \u015bwie\u017cego powietrza. W okiennicach u\u017cywamy w\u0142oskie dedykowane okucia firmy AGB. Na drewno stosujemy ekologiczny system 4-pow\u0142okowy, kt\u00f3ry jest oparty na lakierach firmy TEKNOS. Okucia posiadaj\u0105 regulacj\u0119 w trzech p\u0142aszczyznach, dzi\u0119ki czemu \u0142atwo mo\u017cna wyregulowa\u0107 okiennic\u0119.  <\/p>\n<p>&nbsp;<\/p>\n","protected":false},"excerpt":{"rendered":"<p>Klasyka w \u015br\u00f3dziemnomorskim stylu. Okiennice szczebelkowe pozwalaj\u0105 na ograniczenie blokady dost\u0119pu do \u015bwiat\u0142a. W pomieszczeniu b\u0119dzie sta\u0142y umiarkowany dop\u0142yw \u015bwiat\u0142a dziennego, a przy otwartym oknie zapewni\u0105 tak\u017ce przep\u0142yw \u015bwie\u017cego powietrza. <\/p>\n","protected":false},"featured_media":14053,"comment_status":"closed","ping_status":"closed","template":"","meta":[],"product_brand":[],"product_cat":[112],"product_tag":[],"class_list":{"0":"post-16024","1":"product","2":"type-product","3":"status-publish","4":"has-post-thumbnail","6":"product_cat-okiennice","8":"first","9":"instock","10":"shipping-taxable","11":"purchasable","12":"product-type-variable"},"_links":{"self":[{"href":"https:\/\/www.cdm-ventanasdemadera.es\/pl\/wp-json\/wp\/v2\/product\/16024","targetHints":{"allow":["GET"]}}],"collection":[{"href":"https:\/\/www.cdm-ventanasdemadera.es\/pl\/wp-json\/wp\/v2\/product"}],"about":[{"href":"https:\/\/www.cdm-ventanasdemadera.es\/pl\/wp-json\/wp\/v2\/types\/product"}],"replies":[{"embeddable":true,"href":"https:\/\/www.cdm-ventanasdemadera.es\/pl\/wp-json\/wp\/v2\/comments?post=16024"}],"wp:featuredmedia":[{"embeddable":true,"href":"https:\/\/www.cdm-ventanasdemadera.es\/pl\/wp-json\/wp\/v2\/media\/14053"}],"wp:attachment":[{"href":"https:\/\/www.cdm-ventanasdemadera.es\/pl\/wp-json\/wp\/v2\/media?parent=16024"}],"wp:term":[{"taxonomy":"product_brand","embeddable":true,"href":"https:\/\/www.cdm-ventanasdemadera.es\/pl\/wp-json\/wp\/v2\/product_brand?post=16024"},{"taxonomy":"product_cat","embeddable":true,"href":"https:\/\/www.cdm-ventanasdemadera.es\/pl\/wp-json\/wp\/v2\/product_cat?post=16024"},{"taxonomy":"product_tag","embeddable":true,"href":"https:\/\/www.cdm-ventanasdemadera.es\/pl\/wp-json\/wp\/v2\/product_tag?post=16024"}],"curies":[{"name":"wp","href":"https:\/\/api.w.org\/{rel}","templated":true}]}}